{"id":2072,"date":"2020-04-27T11:39:05","date_gmt":"2020-04-27T11:39:05","guid":{"rendered":"https:\/\/medischevertalingen.com\/over\/"},"modified":"2023-12-19T13:45:25","modified_gmt":"2023-12-19T13:45:25","slug":"a-propos-de","status":"publish","type":"page","link":"https:\/\/medischevertalingen.com\/fr\/a-propos-de\/","title":{"rendered":"\u00c0 propos de"},"content":{"rendered":"<p>Nous vous remercions pour l\u2019int\u00e9r\u00eat que vous portez \u00e0 notre bureau de traduction sp\u00e9cialis\u00e9 dans les soins de sant\u00e9.<\/p>\n<p>Blauvelt MedischeVertalingen est un nom qui a pignon sur rue dans le secteur des soins de sant\u00e9. Gr\u00e2ce \u00e0 nos connaissances en mati\u00e8re de m\u00e9dicaments, fournitures jetables, produits auxiliaires, implants et appareils m\u00e9dicaux \u00e0 haute technologie, nous sommes devenus le bureau de traduction le plus renomm\u00e9 dans le domaine des soins de sant\u00e9 aux Pays-Bas. Nous servons toute la cha\u00eene m\u00e9dicale : de la pr\u00e9vention jusqu\u2019\u00e0 la gu\u00e9rison.<\/p>\n","protected":false},"excerpt":{"rendered":"Nous vous remercions pour l\u2019int\u00e9r\u00eat que vous portez \u00e0 notre bureau de traduction sp\u00e9cialis\u00e9 dans les soins de sant\u00e9. Blauvelt MedischeVertalingen est un nom qui a pignon sur rue dans le secteur des soins de sant\u00e9. Gr\u00e2ce \u00e0 nos connaissances en mati\u00e8re de m\u00e9dicaments, fournitures jetables, produits auxiliaires, implants et appareils m\u00e9dicaux \u00e0 haute technologie,&#8230; <a class=\"view-article\" href=\"https:\/\/medischevertalingen.com\/fr\/a-propos-de\/\">View Article<\/a>","protected":false},"author":1,"featured_media":0,"parent":0,"menu_order":0,"comment_status":"closed","ping_status":"closed","template":"template-over.php","meta":{"_acf_changed":false,"footnotes":""},"acf":[],"yoast_head":"<!-- This site is optimized with the Yoast SEO plugin v23.5 - https:\/\/yoast.com\/wordpress\/plugins\/seo\/ -->\n<title>\u00c0 propos de - Blauvelt MedischeVertalingen Des traductions m\u00e9dicales faites avec une pr\u00e9cision chirurgicale<\/title>\n<meta name=\"description\" content=\"Bureau de traduction secteur m\u00e9dical, Bureau de traduction m\u00e9dical, Traductions m\u00e9dicales, Bureau de traduction secteur des soins de sant\u00e9, Bureau de traduction soins de sant\u00e9, Traductions pharmaceutiques, Bureau de traduction pharmaceutique, Bureau de traduction Pharmacie\" \/>\n<meta name=\"robots\" content=\"index, follow, max-snippet:-1, max-image-preview:large, max-video-preview:-1\" \/>\n<link rel=\"canonical\" href=\"https:\/\/medischevertalingen.com\/fr\/a-propos-de\/\" \/>\n<meta property=\"og:locale\" content=\"fr_FR\" \/>\n<meta property=\"og:type\" content=\"article\" \/>\n<meta property=\"og:title\" content=\"\u00c0 propos de - Blauvelt MedischeVertalingen Des traductions m\u00e9dicales faites avec une pr\u00e9cision chirurgicale\" \/>\n<meta property=\"og:description\" content=\"Bureau de traduction secteur m\u00e9dical, Bureau de traduction m\u00e9dical, Traductions m\u00e9dicales, Bureau de traduction secteur des soins de sant\u00e9, Bureau de traduction soins de sant\u00e9, Traductions pharmaceutiques, Bureau de traduction pharmaceutique, Bureau de traduction Pharmacie\" \/>\n<meta property=\"og:url\" content=\"https:\/\/medischevertalingen.com\/fr\/a-propos-de\/\" \/>\n<meta property=\"og:site_name\" content=\"Blauvelt MedischeVertalingen\" \/>\n<meta property=\"article:modified_time\" content=\"2023-12-19T13:45:25+00:00\" \/>\n<meta name=\"twitter:card\" content=\"summary_large_image\" \/>\n<meta name=\"twitter:label1\" content=\"Est. reading time\" \/>\n\t<meta name=\"twitter:data1\" content=\"1 minute\" \/>\n<script type=\"application\/ld+json\" class=\"yoast-schema-graph\">{\"@context\":\"https:\/\/schema.org\",\"@graph\":[{\"@type\":\"WebPage\",\"@id\":\"https:\/\/medischevertalingen.com\/fr\/a-propos-de\/\",\"url\":\"https:\/\/medischevertalingen.com\/fr\/a-propos-de\/\",\"name\":\"\u00c0 propos de - Blauvelt MedischeVertalingen Des traductions m\u00e9dicales faites avec une pr\u00e9cision chirurgicale\",\"isPartOf\":{\"@id\":\"https:\/\/medischevertalingen.com\/#website\"},\"datePublished\":\"2020-04-27T11:39:05+00:00\",\"dateModified\":\"2023-12-19T13:45:25+00:00\",\"description\":\"Bureau de traduction secteur m\u00e9dical, Bureau de traduction m\u00e9dical, Traductions m\u00e9dicales, Bureau de traduction secteur des soins de sant\u00e9, Bureau de traduction soins de sant\u00e9, Traductions pharmaceutiques, Bureau de traduction pharmaceutique, Bureau de traduction Pharmacie\",\"breadcrumb\":{\"@id\":\"https:\/\/medischevertalingen.com\/fr\/a-propos-de\/#breadcrumb\"},\"inLanguage\":\"fr-FR\",\"potentialAction\":[{\"@type\":\"ReadAction\",\"target\":[\"https:\/\/medischevertalingen.com\/fr\/a-propos-de\/\"]}]},{\"@type\":\"BreadcrumbList\",\"@id\":\"https:\/\/medischevertalingen.com\/fr\/a-propos-de\/#breadcrumb\",\"itemListElement\":[{\"@type\":\"ListItem\",\"position\":1,\"name\":\"Home\",\"item\":\"https:\/\/medischevertalingen.com\/fr\/\"},{\"@type\":\"ListItem\",\"position\":2,\"name\":\"\u00c0 propos de\"}]},{\"@type\":\"WebSite\",\"@id\":\"https:\/\/medischevertalingen.com\/#website\",\"url\":\"https:\/\/medischevertalingen.com\/\",\"name\":\"Blauvelt MedischeVertalingen\",\"description\":\"Het vertaalbureau toegewijd aan de zorg\",\"potentialAction\":[{\"@type\":\"SearchAction\",\"target\":{\"@type\":\"EntryPoint\",\"urlTemplate\":\"https:\/\/medischevertalingen.com\/?s={search_term_string}\"},\"query-input\":{\"@type\":\"PropertyValueSpecification\",\"valueRequired\":true,\"valueName\":\"search_term_string\"}}],\"inLanguage\":\"fr-FR\"}]}<\/script>\n<!-- \/ Yoast SEO plugin. -->","yoast_head_json":{"title":"\u00c0 propos de - Blauvelt MedischeVertalingen Des traductions m\u00e9dicales faites avec une pr\u00e9cision chirurgicale","description":"Bureau de traduction secteur m\u00e9dical, Bureau de traduction m\u00e9dical, Traductions m\u00e9dicales, Bureau de traduction secteur des soins de sant\u00e9, Bureau de traduction soins de sant\u00e9, Traductions pharmaceutiques, Bureau de traduction pharmaceutique, Bureau de traduction Pharmacie","robots":{"index":"index","follow":"follow","max-snippet":"max-snippet:-1","max-image-preview":"max-image-preview:large","max-video-preview":"max-video-preview:-1"},"canonical":"https:\/\/medischevertalingen.com\/fr\/a-propos-de\/","og_locale":"fr_FR","og_type":"article","og_title":"\u00c0 propos de - Blauvelt MedischeVertalingen Des traductions m\u00e9dicales faites avec une pr\u00e9cision chirurgicale","og_description":"Bureau de traduction secteur m\u00e9dical, Bureau de traduction m\u00e9dical, Traductions m\u00e9dicales, Bureau de traduction secteur des soins de sant\u00e9, Bureau de traduction soins de sant\u00e9, Traductions pharmaceutiques, Bureau de traduction pharmaceutique, Bureau de traduction Pharmacie","og_url":"https:\/\/medischevertalingen.com\/fr\/a-propos-de\/","og_site_name":"Blauvelt MedischeVertalingen","article_modified_time":"2023-12-19T13:45:25+00:00","twitter_card":"summary_large_image","twitter_misc":{"Est. reading time":"1 minute"},"schema":{"@context":"https:\/\/schema.org","@graph":[{"@type":"WebPage","@id":"https:\/\/medischevertalingen.com\/fr\/a-propos-de\/","url":"https:\/\/medischevertalingen.com\/fr\/a-propos-de\/","name":"\u00c0 propos de - Blauvelt MedischeVertalingen Des traductions m\u00e9dicales faites avec une pr\u00e9cision chirurgicale","isPartOf":{"@id":"https:\/\/medischevertalingen.com\/#website"},"datePublished":"2020-04-27T11:39:05+00:00","dateModified":"2023-12-19T13:45:25+00:00","description":"Bureau de traduction secteur m\u00e9dical, Bureau de traduction m\u00e9dical, Traductions m\u00e9dicales, Bureau de traduction secteur des soins de sant\u00e9, Bureau de traduction soins de sant\u00e9, Traductions pharmaceutiques, Bureau de traduction pharmaceutique, Bureau de traduction Pharmacie","breadcrumb":{"@id":"https:\/\/medischevertalingen.com\/fr\/a-propos-de\/#breadcrumb"},"inLanguage":"fr-FR","potentialAction":[{"@type":"ReadAction","target":["https:\/\/medischevertalingen.com\/fr\/a-propos-de\/"]}]},{"@type":"BreadcrumbList","@id":"https:\/\/medischevertalingen.com\/fr\/a-propos-de\/#breadcrumb","itemListElement":[{"@type":"ListItem","position":1,"name":"Home","item":"https:\/\/medischevertalingen.com\/fr\/"},{"@type":"ListItem","position":2,"name":"\u00c0 propos de"}]},{"@type":"WebSite","@id":"https:\/\/medischevertalingen.com\/#website","url":"https:\/\/medischevertalingen.com\/","name":"Blauvelt MedischeVertalingen","description":"Het vertaalbureau toegewijd aan de zorg","potentialAction":[{"@type":"SearchAction","target":{"@type":"EntryPoint","urlTemplate":"https:\/\/medischevertalingen.com\/?s={search_term_string}"},"query-input":{"@type":"PropertyValueSpecification","valueRequired":true,"valueName":"search_term_string"}}],"inLanguage":"fr-FR"}]}},"_links":{"self":[{"href":"https:\/\/medischevertalingen.com\/fr\/wp-json\/wp\/v2\/pages\/2072"}],"collection":[{"href":"https:\/\/medischevertalingen.com\/fr\/wp-json\/wp\/v2\/pages"}],"about":[{"href":"https:\/\/medischevertalingen.com\/fr\/wp-json\/wp\/v2\/types\/page"}],"author":[{"embeddable":true,"href":"https:\/\/medischevertalingen.com\/fr\/wp-json\/wp\/v2\/users\/1"}],"replies":[{"embeddable":true,"href":"https:\/\/medischevertalingen.com\/fr\/wp-json\/wp\/v2\/comments?post=2072"}],"version-history":[{"count":6,"href":"https:\/\/medischevertalingen.com\/fr\/wp-json\/wp\/v2\/pages\/2072\/revisions"}],"predecessor-version":[{"id":3988,"href":"https:\/\/medischevertalingen.com\/fr\/wp-json\/wp\/v2\/pages\/2072\/revisions\/3988"}],"wp:attachment":[{"href":"https:\/\/medischevertalingen.com\/fr\/wp-json\/wp\/v2\/media?parent=2072"}],"curies":[{"name":"wp","href":"https:\/\/api.w.org\/{rel}","templated":true}]}}