{"id":3127,"date":"2021-02-10T09:04:40","date_gmt":"2021-02-10T09:04:40","guid":{"rendered":"https:\/\/medischevertalingen.com\/home\/"},"modified":"2023-12-20T11:28:13","modified_gmt":"2023-12-20T11:28:13","slug":"des-traductions-medicales-faites-avec-une-precision-chirurgicale","status":"publish","type":"page","link":"https:\/\/medischevertalingen.com\/fr\/","title":{"rendered":"Home"},"content":{"rendered":"","protected":false},"excerpt":{"rendered":"","protected":false},"author":1,"featured_media":0,"parent":0,"menu_order":0,"comment_status":"closed","ping_status":"closed","template":"template-home.php","meta":{"_acf_changed":false,"footnotes":""},"acf":[],"yoast_head":"<!-- This site is optimized with the Yoast SEO plugin v23.5 - https:\/\/yoast.com\/wordpress\/plugins\/seo\/ -->\n<title>Bureau de traduction secteur m\u00e9dical, bureau de traduction cha\u00eene m\u00e9dicale, bureau de traduction secteur m\u00e9dical, traductions m\u00e9dicales<\/title>\n<meta name=\"description\" content=\"Traducteurs exp\u00e9riment\u00e9s dans le domaine m\u00e9dical, Notices, \u00c9tudes cliniques, Traduction de dossiers m\u00e9dicaux, Offre d\u2019emploi traducteur m\u00e9dical, Traduction de termes m\u00e9dicaux, Bureau de traduction monde m\u00e9dical, Des traductions m\u00e9dicales faites avec une pr\u00e9cision chirurgicale\" \/>\n<meta name=\"robots\" content=\"index, follow, max-snippet:-1, max-image-preview:large, max-video-preview:-1\" \/>\n<link rel=\"canonical\" href=\"https:\/\/medischevertalingen.com\/fr\/\" \/>\n<meta property=\"og:locale\" content=\"fr_FR\" \/>\n<meta property=\"og:type\" content=\"article\" \/>\n<meta property=\"og:title\" content=\"Bureau de traduction secteur m\u00e9dical, bureau de traduction cha\u00eene m\u00e9dicale, bureau de traduction secteur m\u00e9dical, traductions m\u00e9dicales\" \/>\n<meta property=\"og:description\" content=\"Traducteurs exp\u00e9riment\u00e9s dans le domaine m\u00e9dical, Notices, \u00c9tudes cliniques, Traduction de dossiers m\u00e9dicaux, Offre d\u2019emploi traducteur m\u00e9dical, Traduction de termes m\u00e9dicaux, Bureau de traduction monde m\u00e9dical, Des traductions m\u00e9dicales faites avec une pr\u00e9cision chirurgicale\" \/>\n<meta property=\"og:url\" content=\"https:\/\/medischevertalingen.com\/fr\/\" \/>\n<meta property=\"og:site_name\" content=\"Blauvelt MedischeVertalingen\" \/>\n<meta property=\"article:modified_time\" content=\"2023-12-20T11:28:13+00:00\" \/>\n<meta name=\"twitter:card\" content=\"summary_large_image\" \/>\n<script type=\"application\/ld+json\" class=\"yoast-schema-graph\">{\"@context\":\"https:\/\/schema.org\",\"@graph\":[{\"@type\":\"WebPage\",\"@id\":\"https:\/\/medischevertalingen.com\/fr\/\",\"url\":\"https:\/\/medischevertalingen.com\/fr\/\",\"name\":\"Bureau de traduction secteur m\u00e9dical, bureau de traduction cha\u00eene m\u00e9dicale, bureau de traduction secteur m\u00e9dical, traductions m\u00e9dicales\",\"isPartOf\":{\"@id\":\"https:\/\/medischevertalingen.com\/#website\"},\"datePublished\":\"2021-02-10T09:04:40+00:00\",\"dateModified\":\"2023-12-20T11:28:13+00:00\",\"description\":\"Traducteurs exp\u00e9riment\u00e9s dans le domaine m\u00e9dical, Notices, \u00c9tudes cliniques, Traduction de dossiers m\u00e9dicaux, Offre d\u2019emploi traducteur m\u00e9dical, Traduction de termes m\u00e9dicaux, Bureau de traduction monde m\u00e9dical, Des traductions m\u00e9dicales faites avec une pr\u00e9cision chirurgicale\",\"breadcrumb\":{\"@id\":\"https:\/\/medischevertalingen.com\/fr\/#breadcrumb\"},\"inLanguage\":\"fr-FR\",\"potentialAction\":[{\"@type\":\"ReadAction\",\"target\":[\"https:\/\/medischevertalingen.com\/fr\/\"]}]},{\"@type\":\"BreadcrumbList\",\"@id\":\"https:\/\/medischevertalingen.com\/fr\/#breadcrumb\",\"itemListElement\":[{\"@type\":\"ListItem\",\"position\":1,\"name\":\"Home\",\"item\":\"https:\/\/medischevertalingen.com\/fr\/\"},{\"@type\":\"ListItem\",\"position\":2,\"name\":\"Home\"}]},{\"@type\":\"WebSite\",\"@id\":\"https:\/\/medischevertalingen.com\/#website\",\"url\":\"https:\/\/medischevertalingen.com\/\",\"name\":\"Blauvelt MedischeVertalingen\",\"description\":\"Het vertaalbureau toegewijd aan de zorg\",\"potentialAction\":[{\"@type\":\"SearchAction\",\"target\":{\"@type\":\"EntryPoint\",\"urlTemplate\":\"https:\/\/medischevertalingen.com\/?s={search_term_string}\"},\"query-input\":{\"@type\":\"PropertyValueSpecification\",\"valueRequired\":true,\"valueName\":\"search_term_string\"}}],\"inLanguage\":\"fr-FR\"}]}<\/script>\n<!-- \/ Yoast SEO plugin. -->","yoast_head_json":{"title":"Bureau de traduction secteur m\u00e9dical, bureau de traduction cha\u00eene m\u00e9dicale, bureau de traduction secteur m\u00e9dical, traductions m\u00e9dicales","description":"Traducteurs exp\u00e9riment\u00e9s dans le domaine m\u00e9dical, Notices, \u00c9tudes cliniques, Traduction de dossiers m\u00e9dicaux, Offre d\u2019emploi traducteur m\u00e9dical, Traduction de termes m\u00e9dicaux, Bureau de traduction monde m\u00e9dical, Des traductions m\u00e9dicales faites avec une pr\u00e9cision chirurgicale","robots":{"index":"index","follow":"follow","max-snippet":"max-snippet:-1","max-image-preview":"max-image-preview:large","max-video-preview":"max-video-preview:-1"},"canonical":"https:\/\/medischevertalingen.com\/fr\/","og_locale":"fr_FR","og_type":"article","og_title":"Bureau de traduction secteur m\u00e9dical, bureau de traduction cha\u00eene m\u00e9dicale, bureau de traduction secteur m\u00e9dical, traductions m\u00e9dicales","og_description":"Traducteurs exp\u00e9riment\u00e9s dans le domaine m\u00e9dical, Notices, \u00c9tudes cliniques, Traduction de dossiers m\u00e9dicaux, Offre d\u2019emploi traducteur m\u00e9dical, Traduction de termes m\u00e9dicaux, Bureau de traduction monde m\u00e9dical, Des traductions m\u00e9dicales faites avec une pr\u00e9cision chirurgicale","og_url":"https:\/\/medischevertalingen.com\/fr\/","og_site_name":"Blauvelt MedischeVertalingen","article_modified_time":"2023-12-20T11:28:13+00:00","twitter_card":"summary_large_image","schema":{"@context":"https:\/\/schema.org","@graph":[{"@type":"WebPage","@id":"https:\/\/medischevertalingen.com\/fr\/","url":"https:\/\/medischevertalingen.com\/fr\/","name":"Bureau de traduction secteur m\u00e9dical, bureau de traduction cha\u00eene m\u00e9dicale, bureau de traduction secteur m\u00e9dical, traductions m\u00e9dicales","isPartOf":{"@id":"https:\/\/medischevertalingen.com\/#website"},"datePublished":"2021-02-10T09:04:40+00:00","dateModified":"2023-12-20T11:28:13+00:00","description":"Traducteurs exp\u00e9riment\u00e9s dans le domaine m\u00e9dical, Notices, \u00c9tudes cliniques, Traduction de dossiers m\u00e9dicaux, Offre d\u2019emploi traducteur m\u00e9dical, Traduction de termes m\u00e9dicaux, Bureau de traduction monde m\u00e9dical, Des traductions m\u00e9dicales faites avec une pr\u00e9cision chirurgicale","breadcrumb":{"@id":"https:\/\/medischevertalingen.com\/fr\/#breadcrumb"},"inLanguage":"fr-FR","potentialAction":[{"@type":"ReadAction","target":["https:\/\/medischevertalingen.com\/fr\/"]}]},{"@type":"BreadcrumbList","@id":"https:\/\/medischevertalingen.com\/fr\/#breadcrumb","itemListElement":[{"@type":"ListItem","position":1,"name":"Home","item":"https:\/\/medischevertalingen.com\/fr\/"},{"@type":"ListItem","position":2,"name":"Home"}]},{"@type":"WebSite","@id":"https:\/\/medischevertalingen.com\/#website","url":"https:\/\/medischevertalingen.com\/","name":"Blauvelt MedischeVertalingen","description":"Het vertaalbureau toegewijd aan de zorg","potentialAction":[{"@type":"SearchAction","target":{"@type":"EntryPoint","urlTemplate":"https:\/\/medischevertalingen.com\/?s={search_term_string}"},"query-input":{"@type":"PropertyValueSpecification","valueRequired":true,"valueName":"search_term_string"}}],"inLanguage":"fr-FR"}]}},"_links":{"self":[{"href":"https:\/\/medischevertalingen.com\/fr\/wp-json\/wp\/v2\/pages\/3127"}],"collection":[{"href":"https:\/\/medischevertalingen.com\/fr\/wp-json\/wp\/v2\/pages"}],"about":[{"href":"https:\/\/medischevertalingen.com\/fr\/wp-json\/wp\/v2\/types\/page"}],"author":[{"embeddable":true,"href":"https:\/\/medischevertalingen.com\/fr\/wp-json\/wp\/v2\/users\/1"}],"replies":[{"embeddable":true,"href":"https:\/\/medischevertalingen.com\/fr\/wp-json\/wp\/v2\/comments?post=3127"}],"version-history":[{"count":18,"href":"https:\/\/medischevertalingen.com\/fr\/wp-json\/wp\/v2\/pages\/3127\/revisions"}],"predecessor-version":[{"id":4130,"href":"https:\/\/medischevertalingen.com\/fr\/wp-json\/wp\/v2\/pages\/3127\/revisions\/4130"}],"wp:attachment":[{"href":"https:\/\/medischevertalingen.com\/fr\/wp-json\/wp\/v2\/media?parent=3127"}],"curies":[{"name":"wp","href":"https:\/\/api.w.org\/{rel}","templated":true}]}}